{"id":9,"date":"2016-10-04T17:49:14","date_gmt":"2016-10-04T15:49:14","guid":{"rendered":"http:\/\/www.bouzon.eu\/taxi-laplagne\/?page_id=9"},"modified":"2022-11-09T10:01:44","modified_gmt":"2022-11-09T09:01:44","slug":"nos-tarifs","status":"publish","type":"page","link":"http:\/\/www.bouzon.eu\/taxi-laplagne\/nos-tarifs\/","title":{"rendered":"Nos Tarifs"},"content":{"rendered":"<h6 style=\"text-align: center;\"><strong>Aucun voyage n\u2019est impossible pour nous !<\/strong><\/h6>\n<p>Nous desservons<strong> tous les a\u00e9roports<\/strong> (Grenoble, Gen\u00e8ve, Lyon , Chamb\u00e9ry&#8230;.) et <strong>toutes les Gares SNCF<\/strong> ( Moutiers, Aime, Bourg Saint Maurice) en direction des <strong>grandes stations alpines<\/strong> :<br \/>\nLa Plagne, Les Arcs, Peisey Vallandry, Courchevel, Meribel, Tignes, Val d&rsquo;Is\u00e8re, Val Thorens, &#8230;<br \/>\nou <strong>toute autre destination de votre choix<\/strong>.<\/p>\n<p>M\u00eame une journ\u00e9e shopping \u00e0 Annecy, une visite de la r\u00e9gion, une journ\u00e9e de ski dans une autre station, au retour d&rsquo;un restaurant ou d\u2019une descente en bobsleigh. <strong>Tout est possible !<\/strong><\/p>\n<p><strong><br \/>\nPrise en charge compagnies d\u2019assurances<\/strong> : lieux d\u2019assistance ou h\u00f4pitaux.<br \/>\nMalheureusement, les accidents arrivent parfois pendant les vacances&#8230; votre assurance peut nous contacter directement pour organiser votre retour ou demander les factures des transports afin que vous puissiez obtenir votre remboursement.<\/p>\n<p><em>Voici les <strong>tarifs indicatifs<\/strong> (TTC) pour 1 \u00e0 4 personnes. Ces tarifs impliquent un voyage en voiture ou en minibus.<\/em><br \/>\n<em><strong>Nous n&rsquo;augmentons pas les tarifs pendant la haute saison ou les week-ends mais nous vous conseillons de <a href=\"http:\/\/www.bouzon.eu\/taxi-laplagne\/contact-reservation\/\">nous contacter<\/a> afin d\u2019avoir un devis pr\u00e9cis.<\/strong><\/em><\/p>\n<table>\n<tbody>\n<tr>\n<th style=\"text-align: left;\"><span class=\"ta-r\"><span class=\"over_560\">Vers les stations de : <\/span><span class=\"under_560\">Stations<\/span><br \/>\n<\/span><\/th>\n<th rowspan=\"2\">La Tania<span class=\"over_560\"> \/ <\/span><span class=\"under_560\"><br \/>\n<\/span>Meribel<span class=\"over_560\"> \/ <\/span><span class=\"under_560\"><br \/>\n<\/span>Les Menuires<span class=\"over_560\"> \/ <\/span><span class=\"under_560\"><br \/>\n<\/span>Courchevel<span class=\"over_560\"> \/ <\/span><br \/>\nLes Arcs<span class=\"over_560\"> \/ <\/span><span class=\"under_560\"><br \/>\n<\/span>La Rosiere<span class=\"over_560\"> \/ <\/span><br \/>\nVal d&rsquo;Isere<span class=\"over_560\"> \/ <\/span><span class=\"under_560\"><br \/>\n<\/span>Tignes<\/th>\n<th rowspan=\"2\">Val Thorens<\/th>\n<th rowspan=\"2\">La Plagne<span class=\"over_560\"> \/ <\/span>Peisey<\/th>\n<\/tr>\n<tr>\n<td style=\"text-align: left;\"><span class=\"ta-r\"><span class=\"over_560\">Depuis les a\u00e9roports de : <\/span><span class=\"under_560\">A\u00e9roports<\/span><\/span><\/td>\n<\/tr>\n<tr>\n<td style=\"text-align: left;\">Chamb\u00e9ry<\/td>\n<td>\u00c0 partir de <strong>280\u20ac<\/strong><\/td>\n<td>\u00c0 partir de <strong>300\u20ac<\/strong><\/td>\n<td>\u00c0 partir de <strong>250\u20ac<\/strong><\/td>\n<\/tr>\n<tr>\n<td style=\"text-align: left;\">Gen\u00e8ve<\/td>\n<td>\u00c0 partir de <strong>360\u20ac<\/strong><\/td>\n<td>\u00c0 partir de <strong>380\u20ac<\/strong><\/td>\n<td>\u00c0 partir de <strong>300\u20ac<\/strong><\/td>\n<\/tr>\n<tr>\n<td style=\"text-align: left;\">Lyon<span class=\"over_560\"> \/ <\/span><span class=\"under_560\"><br \/>\n<\/span>Grenoble<\/td>\n<td>\u00c0 partir de <strong>390\u20ac<\/strong><\/td>\n<td>\u00c0 partir de <strong>410\u20ac<\/strong><\/td>\n<td>\u00c0 partir de <strong>360\u20ac<\/strong><\/td>\n<\/tr>\n<\/tbody>\n<\/table>\n<table>\n<tbody>\n<tr>\n<th style=\"text-align: left;\"><span class=\"ta-r\"><span class=\"over_560\">Vers les stations de : <\/span><span class=\"under_560\">Stations<\/span><br \/>\n<\/span><\/th>\n<th rowspan=\"2\">La Tania<span class=\"over_560\"> \/ <\/span><span class=\"under_560\"><br \/>\n<\/span>Meribel<span class=\"over_560\"> \/ <\/span><br \/>\nCourchevel<\/th>\n<th rowspan=\"2\">Les Menuires<span class=\"over_560\"> \/ <\/span><span class=\"under_560\"><br \/>\n<\/span>Val Thorens<\/th>\n<th rowspan=\"2\"><span class=\"ta-r\">La Plagne<span class=\"over_560\"> \/ <\/span><span class=\"under_560\"><br \/>\n<\/span>Peisey<\/span><\/th>\n<th rowspan=\"2\">Les Arcs<span class=\"over_560\"> \/ <\/span><span class=\"under_560\"><br \/>\n<\/span>La Rosiere<\/th>\n<th rowspan=\"2\"><span class=\"ta-r\">Val d&rsquo;Isere<span class=\"over_560\"> \/ <\/span><span class=\"under_560\"><br \/>\n<\/span>Tignes<\/span><\/th>\n<\/tr>\n<tr>\n<td style=\"text-align: left;\"><span class=\"ta-r\"><span class=\"over_560\">Depuis les gares de : <\/span><span class=\"under_560\">Gares<\/span><\/span><\/td>\n<\/tr>\n<tr>\n<td>Moutiers<\/td>\n<td>\u00c0 partir de <strong>75\u20ac<\/strong><\/td>\n<td>\u00c0 partir de <strong>130\u20ac<\/strong><\/td>\n<td>\u00c0 partir de <strong>75\u20ac<\/strong><\/td>\n<td style=\"text-align: center;\"><strong>&#8211;<\/strong><\/td>\n<td style=\"text-align: center;\"><strong>&#8211;<\/strong><\/td>\n<\/tr>\n<tr>\n<td>Aime<\/td>\n<td style=\"text-align: center;\"><strong>&#8211;<\/strong><\/td>\n<td style=\"text-align: center;\"><strong>&#8211;<\/strong><\/td>\n<td>\u00c0 partir de <strong>55\u20ac<\/strong><\/td>\n<td style=\"text-align: center;\"><strong>&#8211;<\/strong><\/td>\n<td style=\"text-align: center;\"><strong>&#8211;<\/strong><\/td>\n<\/tr>\n<tr>\n<td>Bourg Saint Maurice<\/td>\n<td style=\"text-align: center;\"><strong>&#8211;<\/strong><\/td>\n<td style=\"text-align: center;\"><strong>&#8211;<\/strong><\/td>\n<td>\u00c0 partir de <strong>75\u20ac<\/strong><\/td>\n<td>\u00c0 partir de <strong>60\u20ac<\/strong><\/td>\n<td>\u00a0\u00c0 partir de <strong>90\u20ac<\/strong><\/td>\n<\/tr>\n<\/tbody>\n<\/table>\n<p>Si vous d\u00e9sirez un v\u00e9hicule plus grand, un v\u00e9hicule de luxe ou un devis pour votre s\u00e9minaire, n&rsquo;h\u00e9sitez pas \u00e0 nous contactez via notre <a href=\"http:\/\/www.bouzon.eu\/taxi-laplagne\/contact-reservation\/\">formulaire de contact<\/a>.<\/p>\n<h6><strong>Vous vous demandez encore pourquoi nous choisir ?<\/strong><\/h6>\n<ul>\n<li>Vos paires de ski et bagages sont transport\u00e9s sans frais suppl\u00e9mentaires<\/li>\n<li>Les si\u00e8ges enfants sont gratuits ( sur r\u00e9servation uniquement)<\/li>\n<li>Votre chauffeur vous accueillera avec une ardoise \u00e0 votre nom<\/li>\n<li>R\u00e9servation personnalis\u00e9e en fran\u00e7ais ou anglais<\/li>\n<li>Nos tarifs ne changent pas pendant la haute saison ou les weekends<\/li>\n<li>Nous sommes en contact permanent avec les chauffeurs pour les informer du trafic, de la m\u00e9t\u00e9o etc\u2026<\/li>\n<li>Nous poss\u00e9dons une excellente connaissance de la r\u00e9gion<\/li>\n<\/ul>\n<p>&nbsp;<\/p>\n","protected":false},"excerpt":{"rendered":"<p>Aucun voyage n\u2019est impossible pour nous ! Nous desservons tous les a\u00e9roports (Grenoble, Gen\u00e8ve, Lyon , Chamb\u00e9ry&#8230;.) et toutes les Gares SNCF ( Moutiers, Aime, Bourg Saint Maurice) en direction des grandes stations alpines : La Plagne, Les Arcs, Peisey Vallandry, Courchevel, Meribel, Tignes, Val d&rsquo;Is\u00e8re, Val Thorens, &#8230; ou toute autre destination de votre &hellip; <a href=\"http:\/\/www.bouzon.eu\/taxi-laplagne\/nos-tarifs\/\" class=\"more-link\">Continuer la lecture<span class=\"screen-reader-text\"> de &laquo;&nbsp;Nos Tarifs&nbsp;&raquo;<\/span><\/a><\/p>\n","protected":false},"author":1,"featured_media":0,"parent":0,"menu_order":0,"comment_status":"closed","ping_status":"closed","template":"","meta":{"_links_to":"","_links_to_target":""},"acf":[],"_links":{"self":[{"href":"http:\/\/www.bouzon.eu\/taxi-laplagne\/wp-json\/wp\/v2\/pages\/9"}],"collection":[{"href":"http:\/\/www.bouzon.eu\/taxi-laplagne\/wp-json\/wp\/v2\/pages"}],"about":[{"href":"http:\/\/www.bouzon.eu\/taxi-laplagne\/wp-json\/wp\/v2\/types\/page"}],"author":[{"embeddable":true,"href":"http:\/\/www.bouzon.eu\/taxi-laplagne\/wp-json\/wp\/v2\/users\/1"}],"replies":[{"embeddable":true,"href":"http:\/\/www.bouzon.eu\/taxi-laplagne\/wp-json\/wp\/v2\/comments?post=9"}],"version-history":[{"count":45,"href":"http:\/\/www.bouzon.eu\/taxi-laplagne\/wp-json\/wp\/v2\/pages\/9\/revisions"}],"predecessor-version":[{"id":397,"href":"http:\/\/www.bouzon.eu\/taxi-laplagne\/wp-json\/wp\/v2\/pages\/9\/revisions\/397"}],"wp:attachment":[{"href":"http:\/\/www.bouzon.eu\/taxi-laplagne\/wp-json\/wp\/v2\/media?parent=9"}],"curies":[{"name":"wp","href":"https:\/\/api.w.org\/{rel}","templated":true}]}}