{"id":190,"date":"2016-10-12T12:01:20","date_gmt":"2016-10-12T10:01:20","guid":{"rendered":"http:\/\/www.bouzon.eu\/taxi-laplagne\/?page_id=190"},"modified":"2018-03-02T12:02:06","modified_gmt":"2018-03-02T11:02:06","slug":"tous-nos-vehicules","status":"publish","type":"page","link":"http:\/\/www.bouzon.eu\/taxi-laplagne\/transferts\/tous-nos-vehicules\/","title":{"rendered":"Tous nos v\u00e9hicules"},"content":{"rendered":"<p>Gr\u00e2ce \u00e0 une grande vari\u00e9t\u00e9 de v\u00e9hicules, les Transports Christian Bouzon peuvent r\u00e9pondre \u00e0 tous vos besoins :<br \/>\n\u2022 <strong>Transfert a\u00e9roport<\/strong> : Gen\u00e8ve, Lyon, Grenoble, Chamb\u00e9ry, &#8230;<br \/>\n\u2022 <strong>Station de ski<\/strong> : Val d\u2019Is\u00e8re, Tignes, Les Arcs, La Plagne, Meribel, Courchevel, &#8230;<br \/>\n\u2022 <strong>Gares SNCF<\/strong> : Moutiers, Aime La Plagne et Bourg Saint Maurice<br \/>\n\u2022 <strong>Transferts courtes et longues distances<\/strong>,<br \/>\n\u2022 <strong>Mise \u00e0 disposition<\/strong>,<br \/>\n\u2022 <strong>Tours &amp; visites<\/strong>,<br \/>\n\u2022 <strong>S\u00e9minaires<\/strong><\/p>\n<p>Avec une \u00e9quipe s\u00e9rieuse, dynamique, exp\u00e9riment\u00e9e ainsi qu\u2019une grande connaissance de la r\u00e9gion, les Transports Christian Bouzon peuvent organiser votre transfert priv\u00e9 \u00ab porte \u00e0 porte \u00bb avec un minimum de stress et un maximum de confort.<\/p>\n<p>Tous nos v\u00e9hicules sont \u00e9quip\u00e9s pour l\u2019hiver (pneus neige, chaines ou v\u00e9hicule 4&#215;4) et nos chauffeurs sont exp\u00e9riment\u00e9s et consciencieux.<\/p>\n<p class=\"aligncenter ta-c\"><a href=\"http:\/\/www.bouzon.eu\/taxi-laplagne\/transferts\/vehicules-de-luxe\/\"><img decoding=\"async\" loading=\"lazy\" class=\"alignnone wp-image-196 size-thumbnail\" src=\"http:\/\/www.bouzon.eu\/taxi-laplagne\/wp-content\/uploads\/2016\/10\/vehicule-luxe-150x150.png\" alt=\"vehicule-luxe\" width=\"150\" height=\"150\" srcset=\"http:\/\/www.bouzon.eu\/taxi-laplagne\/wp-content\/uploads\/2016\/10\/vehicule-luxe-150x150.png 150w, http:\/\/www.bouzon.eu\/taxi-laplagne\/wp-content\/uploads\/2016\/10\/vehicule-luxe.png 200w\" sizes=\"(max-width: 150px) 85vw, 150px\" \/><\/a><a href=\"http:\/\/www.bouzon.eu\/taxi-laplagne\/transferts\/minibus\/\"><img decoding=\"async\" loading=\"lazy\" class=\"alignnone wp-image-195 size-thumbnail\" src=\"http:\/\/www.bouzon.eu\/taxi-laplagne\/wp-content\/uploads\/2016\/10\/minibus-150x150.png\" alt=\"minibus\" width=\"150\" height=\"150\" srcset=\"http:\/\/www.bouzon.eu\/taxi-laplagne\/wp-content\/uploads\/2016\/10\/minibus-150x150.png 150w, http:\/\/www.bouzon.eu\/taxi-laplagne\/wp-content\/uploads\/2016\/10\/minibus.png 200w\" sizes=\"(max-width: 150px) 85vw, 150px\" \/><\/a><a href=\"http:\/\/www.bouzon.eu\/taxi-laplagne\/transferts\/mini-cars-de-luxe\/\"><img decoding=\"async\" loading=\"lazy\" class=\"alignnone wp-image-277 size-thumbnail\" src=\"http:\/\/www.bouzon.eu\/taxi-laplagne\/wp-content\/uploads\/2016\/10\/mini-cars-luxe-150x150.png\" width=\"150\" height=\"150\" srcset=\"http:\/\/www.bouzon.eu\/taxi-laplagne\/wp-content\/uploads\/2016\/10\/mini-cars-luxe-150x150.png 150w, http:\/\/www.bouzon.eu\/taxi-laplagne\/wp-content\/uploads\/2016\/10\/mini-cars-luxe.png 200w\" sizes=\"(max-width: 150px) 85vw, 150px\" \/><\/a><a href=\"http:\/\/www.bouzon.eu\/taxi-laplagne\/transferts\/bus\/\"><img decoding=\"async\" loading=\"lazy\" class=\"alignnone wp-image-204 size-thumbnail\" src=\"http:\/\/www.bouzon.eu\/taxi-laplagne\/wp-content\/uploads\/2016\/10\/bus-1-150x150.png\" width=\"150\" height=\"150\" srcset=\"http:\/\/www.bouzon.eu\/taxi-laplagne\/wp-content\/uploads\/2016\/10\/bus-1-150x150.png 150w, http:\/\/www.bouzon.eu\/taxi-laplagne\/wp-content\/uploads\/2016\/10\/bus-1.png 200w\" sizes=\"(max-width: 150px) 85vw, 150px\" \/><\/a><\/p>\n<p><em>Cliquez sur le type de v\u00e9hicule pour plus d\u2019informations et de photos.<\/em><\/p>\n","protected":false},"excerpt":{"rendered":"<p>Gr\u00e2ce \u00e0 une grande vari\u00e9t\u00e9 de v\u00e9hicules, les Transports Christian Bouzon peuvent r\u00e9pondre \u00e0 tous vos besoins : \u2022 Transfert a\u00e9roport : Gen\u00e8ve, Lyon, Grenoble, Chamb\u00e9ry, &#8230; \u2022 Station de ski : Val d\u2019Is\u00e8re, Tignes, Les Arcs, La Plagne, Meribel, Courchevel, &#8230; \u2022 Gares SNCF : Moutiers, Aime La Plagne et Bourg Saint Maurice \u2022 &hellip; <a href=\"http:\/\/www.bouzon.eu\/taxi-laplagne\/transferts\/tous-nos-vehicules\/\" class=\"more-link\">Continuer la lecture<span class=\"screen-reader-text\"> de &laquo;&nbsp;Tous nos v\u00e9hicules&nbsp;&raquo;<\/span><\/a><\/p>\n","protected":false},"author":1,"featured_media":0,"parent":7,"menu_order":0,"comment_status":"closed","ping_status":"closed","template":"","meta":{"_links_to":"","_links_to_target":""},"acf":[],"_links":{"self":[{"href":"http:\/\/www.bouzon.eu\/taxi-laplagne\/wp-json\/wp\/v2\/pages\/190"}],"collection":[{"href":"http:\/\/www.bouzon.eu\/taxi-laplagne\/wp-json\/wp\/v2\/pages"}],"about":[{"href":"http:\/\/www.bouzon.eu\/taxi-laplagne\/wp-json\/wp\/v2\/types\/page"}],"author":[{"embeddable":true,"href":"http:\/\/www.bouzon.eu\/taxi-laplagne\/wp-json\/wp\/v2\/users\/1"}],"replies":[{"embeddable":true,"href":"http:\/\/www.bouzon.eu\/taxi-laplagne\/wp-json\/wp\/v2\/comments?post=190"}],"version-history":[{"count":21,"href":"http:\/\/www.bouzon.eu\/taxi-laplagne\/wp-json\/wp\/v2\/pages\/190\/revisions"}],"predecessor-version":[{"id":363,"href":"http:\/\/www.bouzon.eu\/taxi-laplagne\/wp-json\/wp\/v2\/pages\/190\/revisions\/363"}],"up":[{"embeddable":true,"href":"http:\/\/www.bouzon.eu\/taxi-laplagne\/wp-json\/wp\/v2\/pages\/7"}],"wp:attachment":[{"href":"http:\/\/www.bouzon.eu\/taxi-laplagne\/wp-json\/wp\/v2\/media?parent=190"}],"curies":[{"name":"wp","href":"https:\/\/api.w.org\/{rel}","templated":true}]}}