{"id":127,"date":"2016-10-12T09:25:01","date_gmt":"2016-10-12T07:25:01","guid":{"rendered":"http:\/\/www.bouzon.eu\/taxi-laplagne\/?page_id=127"},"modified":"2018-10-29T10:34:53","modified_gmt":"2018-10-29T09:34:53","slug":"bus","status":"publish","type":"page","link":"http:\/\/www.bouzon.eu\/taxi-laplagne\/transferts\/bus\/","title":{"rendered":"Bus"},"content":{"rendered":"<h5>Renault <strong>Master<\/strong><\/h5>\n<h6><strong>(16 places)<\/strong><\/h6>\n<p>Nouveau cet ann\u00e9e, ce bus est confortable pour les trajets plus ou moins longs. Notre remorque sp\u00e9cialement adapt\u00e9e pourra transporter sans probl\u00e8me vos skis et bagages.<\/p>\n<div id='gallery-1' class='gallery galleryid-127 gallery-columns-6 gallery-size-thumbnail'><figure class='gallery-item'>\n\t\t\t<div class='gallery-icon landscape'>\n\t\t\t\t<a href='http:\/\/www.bouzon.eu\/taxi-laplagne\/wp-content\/uploads\/2016\/10\/renault-master-01.jpg'><img width=\"150\" height=\"150\" src=\"http:\/\/www.bouzon.eu\/taxi-laplagne\/wp-content\/uploads\/2016\/10\/renault-master-01-150x150.jpg\" class=\"attachment-thumbnail size-thumbnail\" alt=\"\" decoding=\"async\" loading=\"lazy\" \/><\/a>\n\t\t\t<\/div><\/figure><figure class='gallery-item'>\n\t\t\t<div class='gallery-icon landscape'>\n\t\t\t\t<a href='http:\/\/www.bouzon.eu\/taxi-laplagne\/wp-content\/uploads\/2016\/10\/renault-master-02.jpg'><img width=\"150\" height=\"150\" src=\"http:\/\/www.bouzon.eu\/taxi-laplagne\/wp-content\/uploads\/2016\/10\/renault-master-02-150x150.jpg\" class=\"attachment-thumbnail size-thumbnail\" alt=\"\" decoding=\"async\" loading=\"lazy\" \/><\/a>\n\t\t\t<\/div><\/figure>\n\t\t<\/div>\n\n","protected":false},"excerpt":{"rendered":"<p>Renault Master (16 places) Nouveau cet ann\u00e9e, ce bus est confortable pour les trajets plus ou moins longs. Notre remorque sp\u00e9cialement adapt\u00e9e pourra transporter sans probl\u00e8me vos skis et bagages.<\/p>\n","protected":false},"author":1,"featured_media":0,"parent":7,"menu_order":0,"comment_status":"closed","ping_status":"closed","template":"","meta":{"_links_to":"","_links_to_target":""},"acf":[],"_links":{"self":[{"href":"http:\/\/www.bouzon.eu\/taxi-laplagne\/wp-json\/wp\/v2\/pages\/127"}],"collection":[{"href":"http:\/\/www.bouzon.eu\/taxi-laplagne\/wp-json\/wp\/v2\/pages"}],"about":[{"href":"http:\/\/www.bouzon.eu\/taxi-laplagne\/wp-json\/wp\/v2\/types\/page"}],"author":[{"embeddable":true,"href":"http:\/\/www.bouzon.eu\/taxi-laplagne\/wp-json\/wp\/v2\/users\/1"}],"replies":[{"embeddable":true,"href":"http:\/\/www.bouzon.eu\/taxi-laplagne\/wp-json\/wp\/v2\/comments?post=127"}],"version-history":[{"count":10,"href":"http:\/\/www.bouzon.eu\/taxi-laplagne\/wp-json\/wp\/v2\/pages\/127\/revisions"}],"predecessor-version":[{"id":392,"href":"http:\/\/www.bouzon.eu\/taxi-laplagne\/wp-json\/wp\/v2\/pages\/127\/revisions\/392"}],"up":[{"embeddable":true,"href":"http:\/\/www.bouzon.eu\/taxi-laplagne\/wp-json\/wp\/v2\/pages\/7"}],"wp:attachment":[{"href":"http:\/\/www.bouzon.eu\/taxi-laplagne\/wp-json\/wp\/v2\/media?parent=127"}],"curies":[{"name":"wp","href":"https:\/\/api.w.org\/{rel}","templated":true}]}}