{"id":124,"date":"2016-10-12T09:24:19","date_gmt":"2016-10-12T07:24:19","guid":{"rendered":"http:\/\/www.bouzon.eu\/taxi-laplagne\/?page_id=124"},"modified":"2020-01-02T11:25:29","modified_gmt":"2020-01-02T10:25:29","slug":"mini-cars-de-luxe","status":"publish","type":"page","link":"http:\/\/www.bouzon.eu\/taxi-laplagne\/transferts\/mini-cars-de-luxe\/","title":{"rendered":"Mini cars de luxe"},"content":{"rendered":"<p>Parfait pour des s\u00e9minaires ou des groupes plus nombreux, nos minicars du luxe de 16 \u00e0 30 places sont spacieux, confortables et parfaitement entretenus gr\u00e2ce au professionnalisme de nos chauffeurs.<br \/>\nLes Transports Christian Bouzon sont la solution pour des transferts confortables et sans stress !<\/p>\n<h5>Mercedes <strong>Sunset<\/strong><\/h5>\n<h6><strong>(19 places)<\/strong><\/h6>\n<p>Le Sunset est un minicar de luxe d&rsquo;une qualit\u00e9 exceptionnelle. Il est \u00e9quip\u00e9 de si\u00e8ges en cuir, petit r\u00e9frig\u00e9rateur, lecteur DVD, climatisation et vitres teint\u00e9es. Un vrai voyage de luxe\u00a0!<\/p>\n<div id='gallery-1' class='gallery galleryid-124 gallery-columns-6 gallery-size-thumbnail'><figure class='gallery-item'>\n\t\t\t<div class='gallery-icon portrait'>\n\t\t\t\t<a href='http:\/\/www.bouzon.eu\/taxi-laplagne\/wp-content\/uploads\/2016\/10\/bus-vip-16-places-mercedes-sunset-01.jpg'><img width=\"150\" height=\"150\" src=\"http:\/\/www.bouzon.eu\/taxi-laplagne\/wp-content\/uploads\/2016\/10\/bus-vip-16-places-mercedes-sunset-01-150x150.jpg\" class=\"attachment-thumbnail size-thumbnail\" alt=\"\" decoding=\"async\" loading=\"lazy\" \/><\/a>\n\t\t\t<\/div><\/figure><figure class='gallery-item'>\n\t\t\t<div class='gallery-icon landscape'>\n\t\t\t\t<a href='http:\/\/www.bouzon.eu\/taxi-laplagne\/wp-content\/uploads\/2016\/10\/mercedes-sunset-001.jpg'><img width=\"150\" height=\"150\" src=\"http:\/\/www.bouzon.eu\/taxi-laplagne\/wp-content\/uploads\/2016\/10\/mercedes-sunset-001-150x150.jpg\" class=\"attachment-thumbnail size-thumbnail\" alt=\"\" decoding=\"async\" loading=\"lazy\" \/><\/a>\n\t\t\t<\/div><\/figure><figure class='gallery-item'>\n\t\t\t<div class='gallery-icon landscape'>\n\t\t\t\t<a href='http:\/\/www.bouzon.eu\/taxi-laplagne\/wp-content\/uploads\/2016\/10\/mercedes-sunset-002.jpg'><img width=\"150\" height=\"150\" src=\"http:\/\/www.bouzon.eu\/taxi-laplagne\/wp-content\/uploads\/2016\/10\/mercedes-sunset-002-150x150.jpg\" class=\"attachment-thumbnail size-thumbnail\" alt=\"\" decoding=\"async\" loading=\"lazy\" \/><\/a>\n\t\t\t<\/div><\/figure><figure class='gallery-item'>\n\t\t\t<div class='gallery-icon landscape'>\n\t\t\t\t<a href='http:\/\/www.bouzon.eu\/taxi-laplagne\/wp-content\/uploads\/2016\/10\/mercedes-sunset-003.jpg'><img width=\"150\" height=\"150\" src=\"http:\/\/www.bouzon.eu\/taxi-laplagne\/wp-content\/uploads\/2016\/10\/mercedes-sunset-003-150x150.jpg\" class=\"attachment-thumbnail size-thumbnail\" alt=\"\" decoding=\"async\" loading=\"lazy\" \/><\/a>\n\t\t\t<\/div><\/figure>\n\t\t<\/div>\n\n<hr \/>\n<h5>Mercedes <strong>Sprinter<\/strong><\/h5>\n<h6><strong>(16 places)<\/strong><\/h6>\n<p>Notre Sprinter 16 places est tr\u00e8s confortable avec si\u00e8ges en cuir, petit r\u00e9frig\u00e9rateur, lecteur DVD, climatisation, vitres teint\u00e9e et m\u00eame un micro.<\/p>\n<div id='gallery-2' class='gallery galleryid-124 gallery-columns-6 gallery-size-thumbnail'><figure class='gallery-item'>\n\t\t\t<div class='gallery-icon landscape'>\n\t\t\t\t<a href='http:\/\/www.bouzon.eu\/taxi-laplagne\/wp-content\/uploads\/2016\/10\/transport-mercedes-sprinter-001.jpg'><img width=\"150\" height=\"150\" src=\"http:\/\/www.bouzon.eu\/taxi-laplagne\/wp-content\/uploads\/2016\/10\/transport-mercedes-sprinter-001-150x150.jpg\" class=\"attachment-thumbnail size-thumbnail\" alt=\"\" decoding=\"async\" loading=\"lazy\" \/><\/a>\n\t\t\t<\/div><\/figure><figure class='gallery-item'>\n\t\t\t<div class='gallery-icon landscape'>\n\t\t\t\t<a href='http:\/\/www.bouzon.eu\/taxi-laplagne\/wp-content\/uploads\/2016\/10\/transport-mercedes-sprinter-002.jpg'><img width=\"150\" height=\"150\" src=\"http:\/\/www.bouzon.eu\/taxi-laplagne\/wp-content\/uploads\/2016\/10\/transport-mercedes-sprinter-002-150x150.jpg\" class=\"attachment-thumbnail size-thumbnail\" alt=\"\" decoding=\"async\" loading=\"lazy\" \/><\/a>\n\t\t\t<\/div><\/figure><figure class='gallery-item'>\n\t\t\t<div class='gallery-icon landscape'>\n\t\t\t\t<a href='http:\/\/www.bouzon.eu\/taxi-laplagne\/wp-content\/uploads\/2016\/10\/transport-mercedes-sprinter-005.jpg'><img width=\"150\" height=\"150\" src=\"http:\/\/www.bouzon.eu\/taxi-laplagne\/wp-content\/uploads\/2016\/10\/transport-mercedes-sprinter-005-150x150.jpg\" class=\"attachment-thumbnail size-thumbnail\" alt=\"\" decoding=\"async\" loading=\"lazy\" \/><\/a>\n\t\t\t<\/div><\/figure><figure class='gallery-item'>\n\t\t\t<div class='gallery-icon landscape'>\n\t\t\t\t<a href='http:\/\/www.bouzon.eu\/taxi-laplagne\/wp-content\/uploads\/2016\/10\/transport-mercedes-sprinter-006.jpg'><img width=\"150\" height=\"150\" src=\"http:\/\/www.bouzon.eu\/taxi-laplagne\/wp-content\/uploads\/2016\/10\/transport-mercedes-sprinter-006-150x150.jpg\" class=\"attachment-thumbnail size-thumbnail\" alt=\"\" decoding=\"async\" loading=\"lazy\" \/><\/a>\n\t\t\t<\/div><\/figure><figure class='gallery-item'>\n\t\t\t<div class='gallery-icon landscape'>\n\t\t\t\t<a href='http:\/\/www.bouzon.eu\/taxi-laplagne\/wp-content\/uploads\/2016\/10\/transport-mercedes-sprinter-007.jpg'><img width=\"150\" height=\"150\" src=\"http:\/\/www.bouzon.eu\/taxi-laplagne\/wp-content\/uploads\/2016\/10\/transport-mercedes-sprinter-007-150x150.jpg\" class=\"attachment-thumbnail size-thumbnail\" alt=\"\" decoding=\"async\" loading=\"lazy\" \/><\/a>\n\t\t\t<\/div><\/figure><figure class='gallery-item'>\n\t\t\t<div class='gallery-icon landscape'>\n\t\t\t\t<a href='http:\/\/www.bouzon.eu\/taxi-laplagne\/wp-content\/uploads\/2016\/10\/transport-mercedes-sprinter-008.jpg'><img width=\"150\" height=\"150\" src=\"http:\/\/www.bouzon.eu\/taxi-laplagne\/wp-content\/uploads\/2016\/10\/transport-mercedes-sprinter-008-150x150.jpg\" class=\"attachment-thumbnail size-thumbnail\" alt=\"\" decoding=\"async\" loading=\"lazy\" \/><\/a>\n\t\t\t<\/div><\/figure><figure class='gallery-item'>\n\t\t\t<div class='gallery-icon landscape'>\n\t\t\t\t<a href='http:\/\/www.bouzon.eu\/taxi-laplagne\/wp-content\/uploads\/2016\/10\/transport-mercedes-sprinter-009.jpg'><img width=\"150\" height=\"150\" src=\"http:\/\/www.bouzon.eu\/taxi-laplagne\/wp-content\/uploads\/2016\/10\/transport-mercedes-sprinter-009-150x150.jpg\" class=\"attachment-thumbnail size-thumbnail\" alt=\"\" decoding=\"async\" loading=\"lazy\" \/><\/a>\n\t\t\t<\/div><\/figure><figure class='gallery-item'>\n\t\t\t<div class='gallery-icon landscape'>\n\t\t\t\t<a href='http:\/\/www.bouzon.eu\/taxi-laplagne\/wp-content\/uploads\/2016\/10\/transport-mercedes-sprinter-010.jpg'><img width=\"150\" height=\"150\" src=\"http:\/\/www.bouzon.eu\/taxi-laplagne\/wp-content\/uploads\/2016\/10\/transport-mercedes-sprinter-010-150x150.jpg\" class=\"attachment-thumbnail size-thumbnail\" alt=\"\" decoding=\"async\" loading=\"lazy\" \/><\/a>\n\t\t\t<\/div><\/figure><figure class='gallery-item'>\n\t\t\t<div class='gallery-icon landscape'>\n\t\t\t\t<a href='http:\/\/www.bouzon.eu\/taxi-laplagne\/wp-content\/uploads\/2016\/10\/transport-mercedes-sprinter-011.jpg'><img width=\"150\" height=\"150\" src=\"http:\/\/www.bouzon.eu\/taxi-laplagne\/wp-content\/uploads\/2016\/10\/transport-mercedes-sprinter-011-150x150.jpg\" class=\"attachment-thumbnail size-thumbnail\" alt=\"\" decoding=\"async\" loading=\"lazy\" \/><\/a>\n\t\t\t<\/div><\/figure><figure class='gallery-item'>\n\t\t\t<div class='gallery-icon landscape'>\n\t\t\t\t<a href='http:\/\/www.bouzon.eu\/taxi-laplagne\/wp-content\/uploads\/2016\/10\/transport-mercedes-sprinter-012.jpg'><img width=\"150\" height=\"150\" src=\"http:\/\/www.bouzon.eu\/taxi-laplagne\/wp-content\/uploads\/2016\/10\/transport-mercedes-sprinter-012-150x150.jpg\" class=\"attachment-thumbnail size-thumbnail\" alt=\"\" decoding=\"async\" loading=\"lazy\" \/><\/a>\n\t\t\t<\/div><\/figure><figure class='gallery-item'>\n\t\t\t<div class='gallery-icon landscape'>\n\t\t\t\t<a href='http:\/\/www.bouzon.eu\/taxi-laplagne\/wp-content\/uploads\/2016\/10\/transport-mercedes-sprinter-013.jpg'><img width=\"150\" height=\"150\" src=\"http:\/\/www.bouzon.eu\/taxi-laplagne\/wp-content\/uploads\/2016\/10\/transport-mercedes-sprinter-013-150x150.jpg\" class=\"attachment-thumbnail size-thumbnail\" alt=\"\" decoding=\"async\" loading=\"lazy\" \/><\/a>\n\t\t\t<\/div><\/figure><figure class='gallery-item'>\n\t\t\t<div class='gallery-icon landscape'>\n\t\t\t\t<a href='http:\/\/www.bouzon.eu\/taxi-laplagne\/wp-content\/uploads\/2016\/10\/transport-mercedes-sprinter-014.jpg'><img width=\"150\" height=\"150\" src=\"http:\/\/www.bouzon.eu\/taxi-laplagne\/wp-content\/uploads\/2016\/10\/transport-mercedes-sprinter-014-150x150.jpg\" class=\"attachment-thumbnail size-thumbnail\" alt=\"\" decoding=\"async\" loading=\"lazy\" \/><\/a>\n\t\t\t<\/div><\/figure><figure class='gallery-item'>\n\t\t\t<div class='gallery-icon landscape'>\n\t\t\t\t<a href='http:\/\/www.bouzon.eu\/taxi-laplagne\/wp-content\/uploads\/2016\/10\/transport-mercedes-sprinter-015.jpg'><img width=\"150\" height=\"150\" src=\"http:\/\/www.bouzon.eu\/taxi-laplagne\/wp-content\/uploads\/2016\/10\/transport-mercedes-sprinter-015-150x150.jpg\" class=\"attachment-thumbnail size-thumbnail\" alt=\"\" decoding=\"async\" loading=\"lazy\" \/><\/a>\n\t\t\t<\/div><\/figure><figure class='gallery-item'>\n\t\t\t<div class='gallery-icon landscape'>\n\t\t\t\t<a href='http:\/\/www.bouzon.eu\/taxi-laplagne\/wp-content\/uploads\/2016\/10\/transport-mercedes-sprinter-016.jpg'><img width=\"150\" height=\"150\" src=\"http:\/\/www.bouzon.eu\/taxi-laplagne\/wp-content\/uploads\/2016\/10\/transport-mercedes-sprinter-016-150x150.jpg\" class=\"attachment-thumbnail size-thumbnail\" alt=\"\" decoding=\"async\" loading=\"lazy\" \/><\/a>\n\t\t\t<\/div><\/figure><figure class='gallery-item'>\n\t\t\t<div class='gallery-icon landscape'>\n\t\t\t\t<a href='http:\/\/www.bouzon.eu\/taxi-laplagne\/wp-content\/uploads\/2016\/10\/transport-mercedes-sprinter-017.jpg'><img width=\"150\" height=\"150\" src=\"http:\/\/www.bouzon.eu\/taxi-laplagne\/wp-content\/uploads\/2016\/10\/transport-mercedes-sprinter-017-150x150.jpg\" class=\"attachment-thumbnail size-thumbnail\" alt=\"\" decoding=\"async\" loading=\"lazy\" \/><\/a>\n\t\t\t<\/div><\/figure><figure class='gallery-item'>\n\t\t\t<div class='gallery-icon landscape'>\n\t\t\t\t<a href='http:\/\/www.bouzon.eu\/taxi-laplagne\/wp-content\/uploads\/2016\/10\/transport-mercedes-sprinter-018.jpg'><img width=\"150\" height=\"150\" src=\"http:\/\/www.bouzon.eu\/taxi-laplagne\/wp-content\/uploads\/2016\/10\/transport-mercedes-sprinter-018-150x150.jpg\" class=\"attachment-thumbnail size-thumbnail\" alt=\"\" decoding=\"async\" loading=\"lazy\" \/><\/a>\n\t\t\t<\/div><\/figure>\n\t\t<\/div>\n\n<p><strong>Si vous d\u00e9sirez plus d&rsquo;informations sur notre minicar de luxe 24 places n&rsquo;h\u00e9sitez pas \u00e0 <a href=\"http:\/\/www.bouzon.eu\/taxi-laplagne\/contact-reservation\/\">nous contacter<\/a>.<\/strong><\/p>\n","protected":false},"excerpt":{"rendered":"<p>Parfait pour des s\u00e9minaires ou des groupes plus nombreux, nos minicars du luxe de 16 \u00e0 30 places sont spacieux, confortables et parfaitement entretenus gr\u00e2ce au professionnalisme de nos chauffeurs. Les Transports Christian Bouzon sont la solution pour des transferts confortables et sans stress ! Mercedes Sunset (19 places) Le Sunset est un minicar de &hellip; <a href=\"http:\/\/www.bouzon.eu\/taxi-laplagne\/transferts\/mini-cars-de-luxe\/\" class=\"more-link\">Continuer la lecture<span class=\"screen-reader-text\"> de &laquo;&nbsp;Mini cars de luxe&nbsp;&raquo;<\/span><\/a><\/p>\n","protected":false},"author":1,"featured_media":0,"parent":7,"menu_order":0,"comment_status":"closed","ping_status":"closed","template":"","meta":{"_links_to":"","_links_to_target":""},"acf":[],"_links":{"self":[{"href":"http:\/\/www.bouzon.eu\/taxi-laplagne\/wp-json\/wp\/v2\/pages\/124"}],"collection":[{"href":"http:\/\/www.bouzon.eu\/taxi-laplagne\/wp-json\/wp\/v2\/pages"}],"about":[{"href":"http:\/\/www.bouzon.eu\/taxi-laplagne\/wp-json\/wp\/v2\/types\/page"}],"author":[{"embeddable":true,"href":"http:\/\/www.bouzon.eu\/taxi-laplagne\/wp-json\/wp\/v2\/users\/1"}],"replies":[{"embeddable":true,"href":"http:\/\/www.bouzon.eu\/taxi-laplagne\/wp-json\/wp\/v2\/comments?post=124"}],"version-history":[{"count":17,"href":"http:\/\/www.bouzon.eu\/taxi-laplagne\/wp-json\/wp\/v2\/pages\/124\/revisions"}],"predecessor-version":[{"id":399,"href":"http:\/\/www.bouzon.eu\/taxi-laplagne\/wp-json\/wp\/v2\/pages\/124\/revisions\/399"}],"up":[{"embeddable":true,"href":"http:\/\/www.bouzon.eu\/taxi-laplagne\/wp-json\/wp\/v2\/pages\/7"}],"wp:attachment":[{"href":"http:\/\/www.bouzon.eu\/taxi-laplagne\/wp-json\/wp\/v2\/media?parent=124"}],"curies":[{"name":"wp","href":"https:\/\/api.w.org\/{rel}","templated":true}]}}