{"id":120,"date":"2016-10-12T09:23:44","date_gmt":"2016-10-12T07:23:44","guid":{"rendered":"http:\/\/www.bouzon.eu\/taxi-laplagne\/?page_id=120"},"modified":"2020-01-02T11:26:10","modified_gmt":"2020-01-02T10:26:10","slug":"vehicules-de-luxe","status":"publish","type":"page","link":"http:\/\/www.bouzon.eu\/taxi-laplagne\/transferts\/vehicules-de-luxe\/","title":{"rendered":"V\u00e9hicules de luxe"},"content":{"rendered":"<h5>Mercedes <strong>CLS Shooting Brake<\/strong><\/h5>\n<h6><strong>(Max 3 personnes)<\/strong><\/h6>\n<p>Le CLS est un v\u00e9hicule 4&#215;4 id\u00e9al pour les voyages depuis les a\u00e9roports ou sur courtes distances.<br \/>\nAvec un maximum de 3 personnes cette voiture vous assure un transfert confortable et discret.<\/p>\n<div id='gallery-1' class='gallery galleryid-120 gallery-columns-6 gallery-size-thumbnail'><figure class='gallery-item'>\n\t\t\t<div class='gallery-icon landscape'>\n\t\t\t\t<a href='http:\/\/www.bouzon.eu\/taxi-laplagne\/wp-content\/uploads\/2016\/10\/mercedes-cls-shooting-break-02.jpg'><img width=\"150\" height=\"150\" src=\"http:\/\/www.bouzon.eu\/taxi-laplagne\/wp-content\/uploads\/2016\/10\/mercedes-cls-shooting-break-02-150x150.jpg\" class=\"attachment-thumbnail size-thumbnail\" alt=\"\" decoding=\"async\" loading=\"lazy\" \/><\/a>\n\t\t\t<\/div><\/figure><figure class='gallery-item'>\n\t\t\t<div class='gallery-icon landscape'>\n\t\t\t\t<a href='http:\/\/www.bouzon.eu\/taxi-laplagne\/wp-content\/uploads\/2016\/10\/mercedes-cls-shooting-break-01.jpg'><img width=\"150\" height=\"150\" src=\"http:\/\/www.bouzon.eu\/taxi-laplagne\/wp-content\/uploads\/2016\/10\/mercedes-cls-shooting-break-01-150x150.jpg\" class=\"attachment-thumbnail size-thumbnail\" alt=\"\" decoding=\"async\" loading=\"lazy\" \/><\/a>\n\t\t\t<\/div><\/figure><figure class='gallery-item'>\n\t\t\t<div class='gallery-icon landscape'>\n\t\t\t\t<a href='http:\/\/www.bouzon.eu\/taxi-laplagne\/wp-content\/uploads\/2016\/10\/mercedes-cls-shooting-break-04.jpg'><img width=\"150\" height=\"150\" src=\"http:\/\/www.bouzon.eu\/taxi-laplagne\/wp-content\/uploads\/2016\/10\/mercedes-cls-shooting-break-04-150x150.jpg\" class=\"attachment-thumbnail size-thumbnail\" alt=\"\" decoding=\"async\" loading=\"lazy\" \/><\/a>\n\t\t\t<\/div><\/figure>\n\t\t<\/div>\n\n<hr \/>\n<h5>Mercedes <strong>Classe V<br \/>\n<\/strong><\/h5>\n<h6><strong>(Max 7 personnes)<\/strong><\/h6>\n<p>Dans notre flotte de Mercedes, nous avons entre autres des Classe V. Ce v\u00e9hicule est id\u00e9al jusqu&rsquo;\u00e0 7 personnes. Avec un int\u00e9rieur un cuir et des vitres teint\u00e9es, vous b\u00e9n\u00e9ficiez d&rsquo;un transfert en premi\u00e8re classe\u00a0!<\/p>\n<div id='gallery-2' class='gallery galleryid-120 gallery-columns-6 gallery-size-thumbnail'><figure class='gallery-item'>\n\t\t\t<div class='gallery-icon portrait'>\n\t\t\t\t<a href='http:\/\/www.bouzon.eu\/taxi-laplagne\/wp-content\/uploads\/2016\/10\/mercedes-classe-v-04.jpg'><img width=\"150\" height=\"150\" src=\"http:\/\/www.bouzon.eu\/taxi-laplagne\/wp-content\/uploads\/2016\/10\/mercedes-classe-v-04-150x150.jpg\" class=\"attachment-thumbnail size-thumbnail\" alt=\"\" decoding=\"async\" loading=\"lazy\" \/><\/a>\n\t\t\t<\/div><\/figure><figure class='gallery-item'>\n\t\t\t<div class='gallery-icon landscape'>\n\t\t\t\t<a href='http:\/\/www.bouzon.eu\/taxi-laplagne\/wp-content\/uploads\/2016\/10\/mercedes-classe-v-03.jpg'><img width=\"150\" height=\"150\" src=\"http:\/\/www.bouzon.eu\/taxi-laplagne\/wp-content\/uploads\/2016\/10\/mercedes-classe-v-03-150x150.jpg\" class=\"attachment-thumbnail size-thumbnail\" alt=\"\" decoding=\"async\" loading=\"lazy\" \/><\/a>\n\t\t\t<\/div><\/figure><figure class='gallery-item'>\n\t\t\t<div class='gallery-icon landscape'>\n\t\t\t\t<a href='http:\/\/www.bouzon.eu\/taxi-laplagne\/wp-content\/uploads\/2016\/10\/mercedes-classe-v-02.jpg'><img width=\"150\" height=\"150\" src=\"http:\/\/www.bouzon.eu\/taxi-laplagne\/wp-content\/uploads\/2016\/10\/mercedes-classe-v-02-150x150.jpg\" class=\"attachment-thumbnail size-thumbnail\" alt=\"\" decoding=\"async\" loading=\"lazy\" \/><\/a>\n\t\t\t<\/div><\/figure><figure class='gallery-item'>\n\t\t\t<div class='gallery-icon landscape'>\n\t\t\t\t<a href='http:\/\/www.bouzon.eu\/taxi-laplagne\/wp-content\/uploads\/2016\/10\/mercedes-classe-v-01.jpg'><img width=\"150\" height=\"150\" src=\"http:\/\/www.bouzon.eu\/taxi-laplagne\/wp-content\/uploads\/2016\/10\/mercedes-classe-v-01-150x150.jpg\" class=\"attachment-thumbnail size-thumbnail\" alt=\"\" decoding=\"async\" loading=\"lazy\" \/><\/a>\n\t\t\t<\/div><\/figure>\n\t\t<\/div>\n\n<hr \/>\n<h5>Mercedes <strong>Sprinter<\/strong><\/h5>\n<h6><strong>(Max 8 personnes)<\/strong><\/h6>\n<p>Le Sprinter est un v\u00e9hicules 8 places avec beaucoup d&rsquo;espace. Plus grand qu\u2019un minibus classique, int\u00e9rieur cuir, vitres teint\u00e9es, lecteur de DVD. Il est id\u00e9al pour le transfert vers les stations de ski ou les a\u00e9roports, pour des familles ou des groupes d&rsquo;amis.<\/p>\n<div id='gallery-3' class='gallery galleryid-120 gallery-columns-6 gallery-size-thumbnail'><figure class='gallery-item'>\n\t\t\t<div class='gallery-icon landscape'>\n\t\t\t\t<a href='http:\/\/www.bouzon.eu\/taxi-laplagne\/wp-content\/uploads\/2016\/10\/mercedes-spinter-8-01.jpg'><img width=\"150\" height=\"150\" src=\"http:\/\/www.bouzon.eu\/taxi-laplagne\/wp-content\/uploads\/2016\/10\/mercedes-spinter-8-01-150x150.jpg\" class=\"attachment-thumbnail size-thumbnail\" alt=\"\" decoding=\"async\" loading=\"lazy\" \/><\/a>\n\t\t\t<\/div><\/figure><figure class='gallery-item'>\n\t\t\t<div class='gallery-icon landscape'>\n\t\t\t\t<a href='http:\/\/www.bouzon.eu\/taxi-laplagne\/wp-content\/uploads\/2016\/10\/mercedes-spinter-8-02.jpg'><img width=\"150\" height=\"150\" src=\"http:\/\/www.bouzon.eu\/taxi-laplagne\/wp-content\/uploads\/2016\/10\/mercedes-spinter-8-02-150x150.jpg\" class=\"attachment-thumbnail size-thumbnail\" alt=\"\" decoding=\"async\" loading=\"lazy\" \/><\/a>\n\t\t\t<\/div><\/figure><figure class='gallery-item'>\n\t\t\t<div class='gallery-icon landscape'>\n\t\t\t\t<a href='http:\/\/www.bouzon.eu\/taxi-laplagne\/wp-content\/uploads\/2016\/10\/mercedes-spinter-8-03.jpg'><img width=\"150\" height=\"150\" src=\"http:\/\/www.bouzon.eu\/taxi-laplagne\/wp-content\/uploads\/2016\/10\/mercedes-spinter-8-03-150x150.jpg\" class=\"attachment-thumbnail size-thumbnail\" alt=\"\" decoding=\"async\" loading=\"lazy\" \/><\/a>\n\t\t\t<\/div><\/figure>\n\t\t<\/div>\n\n","protected":false},"excerpt":{"rendered":"<p>Mercedes CLS Shooting Brake (Max 3 personnes) Le CLS est un v\u00e9hicule 4&#215;4 id\u00e9al pour les voyages depuis les a\u00e9roports ou sur courtes distances. Avec un maximum de 3 personnes cette voiture vous assure un transfert confortable et discret. Mercedes Classe V (Max 7 personnes) Dans notre flotte de Mercedes, nous avons entre autres des &hellip; <a href=\"http:\/\/www.bouzon.eu\/taxi-laplagne\/transferts\/vehicules-de-luxe\/\" class=\"more-link\">Continuer la lecture<span class=\"screen-reader-text\"> de &laquo;&nbsp;V\u00e9hicules de luxe&nbsp;&raquo;<\/span><\/a><\/p>\n","protected":false},"author":1,"featured_media":0,"parent":7,"menu_order":0,"comment_status":"closed","ping_status":"closed","template":"","meta":{"_links_to":"","_links_to_target":""},"acf":[],"_links":{"self":[{"href":"http:\/\/www.bouzon.eu\/taxi-laplagne\/wp-json\/wp\/v2\/pages\/120"}],"collection":[{"href":"http:\/\/www.bouzon.eu\/taxi-laplagne\/wp-json\/wp\/v2\/pages"}],"about":[{"href":"http:\/\/www.bouzon.eu\/taxi-laplagne\/wp-json\/wp\/v2\/types\/page"}],"author":[{"embeddable":true,"href":"http:\/\/www.bouzon.eu\/taxi-laplagne\/wp-json\/wp\/v2\/users\/1"}],"replies":[{"embeddable":true,"href":"http:\/\/www.bouzon.eu\/taxi-laplagne\/wp-json\/wp\/v2\/comments?post=120"}],"version-history":[{"count":17,"href":"http:\/\/www.bouzon.eu\/taxi-laplagne\/wp-json\/wp\/v2\/pages\/120\/revisions"}],"predecessor-version":[{"id":400,"href":"http:\/\/www.bouzon.eu\/taxi-laplagne\/wp-json\/wp\/v2\/pages\/120\/revisions\/400"}],"up":[{"embeddable":true,"href":"http:\/\/www.bouzon.eu\/taxi-laplagne\/wp-json\/wp\/v2\/pages\/7"}],"wp:attachment":[{"href":"http:\/\/www.bouzon.eu\/taxi-laplagne\/wp-json\/wp\/v2\/media?parent=120"}],"curies":[{"name":"wp","href":"https:\/\/api.w.org\/{rel}","templated":true}]}}