{"id":11,"date":"2016-10-04T17:49:46","date_gmt":"2016-10-04T15:49:46","guid":{"rendered":"http:\/\/www.bouzon.eu\/taxi-laplagne\/?page_id=11"},"modified":"2023-06-03T04:10:06","modified_gmt":"2023-06-03T02:10:06","slug":"contact-reservation","status":"publish","type":"page","link":"http:\/\/www.bouzon.eu\/taxi-laplagne\/contact-reservation\/","title":{"rendered":"Contact &#038; R\u00e9servation"},"content":{"rendered":"<div class=\"contact-infos\">\n<h6>Transports<br \/><strong>Christian Bouzon<\/strong><\/h6>\n<p>Immeuble Annapurna R6<br \/>73210 La Plagne Tarentaise<br \/>(Savoie &#8211; France)<\/p>\n<p><strong>T\u00e9l.<\/strong> : 04 79 09 03 41<br \/><strong>Mail<\/strong> : taxi@bouzon.eu<\/p>\n<\/div>\n<p>Les r\u00e9servations des Transports Christian Bouzon sont d\u00e9sormais g\u00e9r\u00e9es par <strong>la compagnie JB Taxi.<\/strong><\/p>\n<p>Cliquez ci-dessous pour faire une r\u00e9servation en ligne. Vous pouvez \u00e9galement nous contacter par t\u00e9l\u00e9phone ou par email.<\/p>\n\n\n<div class=\"wp-block-buttons is-layout-flex\">\n<div class=\"wp-block-button is-style-fill\"><a class=\"wp-block-button__link has-white-color has-text-color has-background wp-element-button\" href=\"https:\/\/jbtaxi.way-plan.com\/demande\/ajout\/\" style=\"background-color:#801718\" target=\"_blank\" rel=\"noreferrer noopener\">R\u00e9servation en ligne<\/a><\/div>\n<\/div>\n","protected":false},"excerpt":{"rendered":"<p>TransportsChristian Bouzon Immeuble Annapurna R673210 La Plagne Tarentaise(Savoie &#8211; France) T\u00e9l. : 04 79 09 03 41Mail : taxi@bouzon.eu Les r\u00e9servations des Transports Christian Bouzon sont d\u00e9sormais g\u00e9r\u00e9es par la compagnie JB Taxi. Cliquez ci-dessous pour faire une r\u00e9servation en ligne. Vous pouvez \u00e9galement nous contacter par t\u00e9l\u00e9phone ou par email.<\/p>\n","protected":false},"author":1,"featured_media":0,"parent":0,"menu_order":0,"comment_status":"closed","ping_status":"closed","template":"","meta":{"_links_to":"","_links_to_target":""},"acf":[],"_links":{"self":[{"href":"http:\/\/www.bouzon.eu\/taxi-laplagne\/wp-json\/wp\/v2\/pages\/11"}],"collection":[{"href":"http:\/\/www.bouzon.eu\/taxi-laplagne\/wp-json\/wp\/v2\/pages"}],"about":[{"href":"http:\/\/www.bouzon.eu\/taxi-laplagne\/wp-json\/wp\/v2\/types\/page"}],"author":[{"embeddable":true,"href":"http:\/\/www.bouzon.eu\/taxi-laplagne\/wp-json\/wp\/v2\/users\/1"}],"replies":[{"embeddable":true,"href":"http:\/\/www.bouzon.eu\/taxi-laplagne\/wp-json\/wp\/v2\/comments?post=11"}],"version-history":[{"count":18,"href":"http:\/\/www.bouzon.eu\/taxi-laplagne\/wp-json\/wp\/v2\/pages\/11\/revisions"}],"predecessor-version":[{"id":412,"href":"http:\/\/www.bouzon.eu\/taxi-laplagne\/wp-json\/wp\/v2\/pages\/11\/revisions\/412"}],"wp:attachment":[{"href":"http:\/\/www.bouzon.eu\/taxi-laplagne\/wp-json\/wp\/v2\/media?parent=11"}],"curies":[{"name":"wp","href":"https:\/\/api.w.org\/{rel}","templated":true}]}}